{"id":547,"date":"2026-03-19T18:19:11","date_gmt":"2026-03-19T17:19:11","guid":{"rendered":"https:\/\/www.atelier-pauldebazelaire.fr\/index.php\/contact\/"},"modified":"2026-04-21T15:32:28","modified_gmt":"2026-04-21T13:32:28","slug":"contact","status":"publish","type":"page","link":"https:\/\/www.atelier-pauldebazelaire.fr\/index.php\/contact\/","title":{"rendered":"Contact"},"content":{"rendered":"\t\t<div data-elementor-type=\"wp-page\" data-elementor-id=\"547\" class=\"elementor elementor-547\">\n\t\t\t\t<div class=\"elementor-element elementor-element-b62c532 e-con-full e-flex e-con e-parent\" data-id=\"b62c532\" data-element_type=\"container\" data-e-type=\"container\">\n\t\t<div class=\"elementor-element elementor-element-62e67ce3 e-con-full e-flex e-con e-child\" data-id=\"62e67ce3\" data-element_type=\"container\" data-e-type=\"container\">\n\t\t\t\t<div class=\"elementor-element elementor-element-64e24c89 elementor-widget elementor-widget-heading\" data-id=\"64e24c89\" data-element_type=\"widget\" data-e-type=\"widget\" data-widget_type=\"heading.default\">\n\t\t\t\t<div class=\"elementor-widget-container\">\n\t\t\t\t\t<h1 class=\"elementor-heading-title elementor-size-default\">Parlons de votre projet<\/h1>\t\t\t\t<\/div>\n\t\t\t\t<\/div>\n\t\t\t\t<div class=\"elementor-element elementor-element-26fba01b elementor-widget elementor-widget-text-editor\" data-id=\"26fba01b\" data-element_type=\"widget\" data-e-type=\"widget\" data-widget_type=\"text-editor.default\">\n\t\t\t\t<div class=\"elementor-widget-container\">\n\t\t\t\t\t\t\t\t\t<p>Une id\u00e9e, un projet, un besoin pr\u00e9cis ? Professionnel ou particulier, n&rsquo;h\u00e9sitez pas \u00e0 me contacter pour en discuter.<\/p>\t\t\t\t\t\t\t\t<\/div>\n\t\t\t\t<\/div>\n\t\t\t\t<\/div>\n\t\t<div class=\"elementor-element elementor-element-11c34806 e-con-full e-flex e-con e-child\" data-id=\"11c34806\" data-element_type=\"container\" data-e-type=\"container\">\n\t\t\t\t<div class=\"elementor-element elementor-element-4b017a35 elementor-widget elementor-widget-image\" data-id=\"4b017a35\" data-element_type=\"widget\" data-e-type=\"widget\" data-widget_type=\"image.default\">\n\t\t\t\t<div class=\"elementor-widget-container\">\n\t\t\t\t\t\t\t\t\t\t\t\t\t\t\t<img fetchpriority=\"high\" decoding=\"async\" width=\"1024\" height=\"768\" src=\"https:\/\/www.atelier-pauldebazelaire.fr\/wp-content\/uploads\/2024\/03\/0-1024x768.jpg\" class=\"attachment-large size-large wp-image-58\" alt=\"\" srcset=\"https:\/\/www.atelier-pauldebazelaire.fr\/wp-content\/uploads\/2024\/03\/0-1024x768.jpg 1024w, https:\/\/www.atelier-pauldebazelaire.fr\/wp-content\/uploads\/2024\/03\/0-300x225.jpg 300w, https:\/\/www.atelier-pauldebazelaire.fr\/wp-content\/uploads\/2024\/03\/0-768x576.jpg 768w, https:\/\/www.atelier-pauldebazelaire.fr\/wp-content\/uploads\/2024\/03\/0-1536x1152.jpg 1536w, https:\/\/www.atelier-pauldebazelaire.fr\/wp-content\/uploads\/2024\/03\/0.jpg 1600w\" sizes=\"(max-width: 1024px) 100vw, 1024px\" \/>\t\t\t\t\t\t\t\t\t\t\t\t\t\t\t<\/div>\n\t\t\t\t<\/div>\n\t\t\t\t<\/div>\n\t\t\t\t<\/div>\n\t\t<div class=\"elementor-element elementor-element-72f4f51e e-con-full e-flex e-con e-parent\" data-id=\"72f4f51e\" data-element_type=\"container\" data-e-type=\"container\" data-settings=\"{&quot;background_background&quot;:&quot;classic&quot;}\">\n\t\t<div class=\"elementor-element elementor-element-3450b149 e-con-full e-flex e-con e-child\" data-id=\"3450b149\" data-element_type=\"container\" data-e-type=\"container\">\n\t\t\t\t<div class=\"elementor-element elementor-element-113ec179 elementor-widget elementor-widget-image\" data-id=\"113ec179\" data-element_type=\"widget\" data-e-type=\"widget\" data-widget_type=\"image.default\">\n\t\t\t\t<div class=\"elementor-widget-container\">\n\t\t\t\t\t\t\t\t\t\t\t\t\t\t\t<img decoding=\"async\" width=\"1024\" height=\"768\" src=\"https:\/\/www.atelier-pauldebazelaire.fr\/wp-content\/uploads\/2024\/03\/Atelier-Paul-de-Bazelaire-Ebeniste-4-1024x768.jpg\" class=\"attachment-large size-large wp-image-192\" alt=\"\" srcset=\"https:\/\/www.atelier-pauldebazelaire.fr\/wp-content\/uploads\/2024\/03\/Atelier-Paul-de-Bazelaire-Ebeniste-4-1024x768.jpg 1024w, https:\/\/www.atelier-pauldebazelaire.fr\/wp-content\/uploads\/2024\/03\/Atelier-Paul-de-Bazelaire-Ebeniste-4-300x225.jpg 300w, https:\/\/www.atelier-pauldebazelaire.fr\/wp-content\/uploads\/2024\/03\/Atelier-Paul-de-Bazelaire-Ebeniste-4-768x576.jpg 768w, https:\/\/www.atelier-pauldebazelaire.fr\/wp-content\/uploads\/2024\/03\/Atelier-Paul-de-Bazelaire-Ebeniste-4-1536x1152.jpg 1536w, https:\/\/www.atelier-pauldebazelaire.fr\/wp-content\/uploads\/2024\/03\/Atelier-Paul-de-Bazelaire-Ebeniste-4-2048x1536.jpg 2048w\" sizes=\"(max-width: 1024px) 100vw, 1024px\" \/>\t\t\t\t\t\t\t\t\t\t\t\t\t\t\t<\/div>\n\t\t\t\t<\/div>\n\t\t\t\t<\/div>\n\t\t<div class=\"elementor-element elementor-element-404cdd9b e-con-full e-flex e-con e-child\" data-id=\"404cdd9b\" data-element_type=\"container\" data-e-type=\"container\">\n\t\t\t\t<div class=\"elementor-element elementor-element-6beea32c elementor-widget elementor-widget-heading\" data-id=\"6beea32c\" data-element_type=\"widget\" data-e-type=\"widget\" data-widget_type=\"heading.default\">\n\t\t\t\t<div class=\"elementor-widget-container\">\n\t\t\t\t\t<h2 class=\"elementor-heading-title elementor-size-default\">Contact<\/h2>\t\t\t\t<\/div>\n\t\t\t\t<\/div>\n\t\t\t\t<div class=\"elementor-element elementor-element-25c1c9ec elementor-align-start elementor-list-item-link-full_width elementor-widget elementor-widget-icon-list\" data-id=\"25c1c9ec\" data-element_type=\"widget\" data-e-type=\"widget\" data-widget_type=\"icon-list.default\">\n\t\t\t\t<div class=\"elementor-widget-container\">\n\t\t\t\t\t\t\t<ul class=\"elementor-icon-list-items\">\n\t\t\t\t\t\t\t<li class=\"elementor-icon-list-item\">\n\t\t\t\t\t\t\t\t\t\t\t<span class=\"elementor-icon-list-icon\">\n\t\t\t\t\t\t\t<svg aria-hidden=\"true\" class=\"e-font-icon-svg e-fas-check\" viewBox=\"0 0 512 512\" xmlns=\"http:\/\/www.w3.org\/2000\/svg\"><path d=\"M173.898 439.404l-166.4-166.4c-9.997-9.997-9.997-26.206 0-36.204l36.203-36.204c9.997-9.998 26.207-9.998 36.204 0L192 312.69 432.095 72.596c9.997-9.997 26.207-9.997 36.204 0l36.203 36.204c9.997 9.997 9.997 26.206 0 36.204l-294.4 294.401c-9.998 9.997-26.207 9.997-36.204-.001z\"><\/path><\/svg>\t\t\t\t\t\t<\/span>\n\t\t\t\t\t\t\t\t\t\t<span class=\"elementor-icon-list-text\"><b>G\u00e9rant <\/b>: Paul de Bazelaire<\/span>\n\t\t\t\t\t\t\t\t\t<\/li>\n\t\t\t\t\t\t\t\t<li class=\"elementor-icon-list-item\">\n\t\t\t\t\t\t\t\t\t\t\t<span class=\"elementor-icon-list-icon\">\n\t\t\t\t\t\t\t<svg aria-hidden=\"true\" class=\"e-font-icon-svg e-fas-mobile-alt\" viewBox=\"0 0 320 512\" xmlns=\"http:\/\/www.w3.org\/2000\/svg\"><path d=\"M272 0H48C21.5 0 0 21.5 0 48v416c0 26.5 21.5 48 48 48h224c26.5 0 48-21.5 48-48V48c0-26.5-21.5-48-48-48zM160 480c-17.7 0-32-14.3-32-32s14.3-32 32-32 32 14.3 32 32-14.3 32-32 32zm112-108c0 6.6-5.4 12-12 12H60c-6.6 0-12-5.4-12-12V60c0-6.6 5.4-12 12-12h200c6.6 0 12 5.4 12 12v312z\"><\/path><\/svg>\t\t\t\t\t\t<\/span>\n\t\t\t\t\t\t\t\t\t\t<span class=\"elementor-icon-list-text\"><b>Portable : <\/b> 06.10.95.33.32<\/span>\n\t\t\t\t\t\t\t\t\t<\/li>\n\t\t\t\t\t\t\t\t<li class=\"elementor-icon-list-item\">\n\t\t\t\t\t\t\t\t\t\t\t<span class=\"elementor-icon-list-icon\">\n\t\t\t\t\t\t\t<svg aria-hidden=\"true\" class=\"e-font-icon-svg e-far-building\" viewBox=\"0 0 448 512\" xmlns=\"http:\/\/www.w3.org\/2000\/svg\"><path d=\"M128 148v-40c0-6.6 5.4-12 12-12h40c6.6 0 12 5.4 12 12v40c0 6.6-5.4 12-12 12h-40c-6.6 0-12-5.4-12-12zm140 12h40c6.6 0 12-5.4 12-12v-40c0-6.6-5.4-12-12-12h-40c-6.6 0-12 5.4-12 12v40c0 6.6 5.4 12 12 12zm-128 96h40c6.6 0 12-5.4 12-12v-40c0-6.6-5.4-12-12-12h-40c-6.6 0-12 5.4-12 12v40c0 6.6 5.4 12 12 12zm128 0h40c6.6 0 12-5.4 12-12v-40c0-6.6-5.4-12-12-12h-40c-6.6 0-12 5.4-12 12v40c0 6.6 5.4 12 12 12zm-76 84v-40c0-6.6-5.4-12-12-12h-40c-6.6 0-12 5.4-12 12v40c0 6.6 5.4 12 12 12h40c6.6 0 12-5.4 12-12zm76 12h40c6.6 0 12-5.4 12-12v-40c0-6.6-5.4-12-12-12h-40c-6.6 0-12 5.4-12 12v40c0 6.6 5.4 12 12 12zm180 124v36H0v-36c0-6.6 5.4-12 12-12h19.5V24c0-13.3 10.7-24 24-24h337c13.3 0 24 10.7 24 24v440H436c6.6 0 12 5.4 12 12zM79.5 463H192v-67c0-6.6 5.4-12 12-12h40c6.6 0 12 5.4 12 12v67h112.5V49L80 48l-.5 415z\"><\/path><\/svg>\t\t\t\t\t\t<\/span>\n\t\t\t\t\t\t\t\t\t\t<span class=\"elementor-icon-list-text\"><b>Adresse du si\u00e8ge :<\/b> 47 avenue du 11 novembre 1918, 69160 Tassin-la-Demi-Lune<\/span>\n\t\t\t\t\t\t\t\t\t<\/li>\n\t\t\t\t\t\t\t\t<li class=\"elementor-icon-list-item\">\n\t\t\t\t\t\t\t\t\t\t\t<span class=\"elementor-icon-list-icon\">\n\t\t\t\t\t\t\t<svg aria-hidden=\"true\" class=\"e-font-icon-svg e-fas-map-marker-alt\" viewBox=\"0 0 384 512\" xmlns=\"http:\/\/www.w3.org\/2000\/svg\"><path d=\"M172.268 501.67C26.97 291.031 0 269.413 0 192 0 85.961 85.961 0 192 0s192 85.961 192 192c0 77.413-26.97 99.031-172.268 309.67-9.535 13.774-29.93 13.773-39.464 0zM192 272c44.183 0 80-35.817 80-80s-35.817-80-80-80-80 35.817-80 80 35.817 80 80 80z\"><\/path><\/svg>\t\t\t\t\t\t<\/span>\n\t\t\t\t\t\t\t\t\t\t<span class=\"elementor-icon-list-text\"><b>Adresse de l'atelier :<\/b> 321 avenue Georges Charpak, 69700 Givors<\/span>\n\t\t\t\t\t\t\t\t\t<\/li>\n\t\t\t\t\t\t\t\t<li class=\"elementor-icon-list-item\">\n\t\t\t\t\t\t\t\t\t\t\t<span class=\"elementor-icon-list-icon\">\n\t\t\t\t\t\t\t<svg aria-hidden=\"true\" class=\"e-font-icon-svg e-far-envelope\" viewBox=\"0 0 512 512\" xmlns=\"http:\/\/www.w3.org\/2000\/svg\"><path d=\"M464 64H48C21.49 64 0 85.49 0 112v288c0 26.51 21.49 48 48 48h416c26.51 0 48-21.49 48-48V112c0-26.51-21.49-48-48-48zm0 48v40.805c-22.422 18.259-58.168 46.651-134.587 106.49-16.841 13.247-50.201 45.072-73.413 44.701-23.208.375-56.579-31.459-73.413-44.701C106.18 199.465 70.425 171.067 48 152.805V112h416zM48 400V214.398c22.914 18.251 55.409 43.862 104.938 82.646 21.857 17.205 60.134 55.186 103.062 54.955 42.717.231 80.509-37.199 103.053-54.947 49.528-38.783 82.032-64.401 104.947-82.653V400H48z\"><\/path><\/svg>\t\t\t\t\t\t<\/span>\n\t\t\t\t\t\t\t\t\t\t<span class=\"elementor-icon-list-text\"><b>Email :<\/b> contact@atelier-pauldebazelaire.fr<\/span>\n\t\t\t\t\t\t\t\t\t<\/li>\n\t\t\t\t\t\t<\/ul>\n\t\t\t\t\t\t<\/div>\n\t\t\t\t<\/div>\n\t\t\t\t<\/div>\n\t\t\t\t<\/div>\n\t\t<div class=\"elementor-element elementor-element-5e3a0abe e-con-full e-flex e-con e-parent\" data-id=\"5e3a0abe\" data-element_type=\"container\" data-e-type=\"container\">\n\t\t<div class=\"elementor-element elementor-element-783997ec e-con-full e-flex e-con e-child\" data-id=\"783997ec\" data-element_type=\"container\" data-e-type=\"container\" data-settings=\"{&quot;background_background&quot;:&quot;classic&quot;}\">\n\t\t\t\t<div class=\"elementor-element elementor-element-2ac90ba9 elementor-widget elementor-widget-google_maps\" data-id=\"2ac90ba9\" data-element_type=\"widget\" data-e-type=\"widget\" data-widget_type=\"google_maps.default\">\n\t\t\t\t<div class=\"elementor-widget-container\">\n\t\t\t\t\t\t\t<div class=\"elementor-custom-embed\">\n\t\t\t<iframe loading=\"lazy\"\n\t\t\t\t\tsrc=\"https:\/\/maps.google.com\/maps?q=47%20avenue%20du%2011%20novembre%201918%20Tassin&#038;t=m&#038;z=12&#038;output=embed&#038;iwloc=near\"\n\t\t\t\t\ttitle=\"47 avenue du 11 novembre 1918 Tassin\"\n\t\t\t\t\taria-label=\"47 avenue du 11 novembre 1918 Tassin\"\n\t\t\t><\/iframe>\n\t\t<\/div>\n\t\t\t\t\t\t<\/div>\n\t\t\t\t<\/div>\n\t\t\t\t<\/div>\n\t\t<div class=\"elementor-element elementor-element-39734dd8 e-con-full e-flex e-con e-child\" data-id=\"39734dd8\" data-element_type=\"container\" data-e-type=\"container\">\n\t\t\t\t<div class=\"elementor-element elementor-element-286d712 elementor-widget elementor-widget-text-editor\" data-id=\"286d712\" data-element_type=\"widget\" data-e-type=\"widget\" data-widget_type=\"text-editor.default\">\n\t\t\t\t<div class=\"elementor-widget-container\">\n\t\t\t\t\t\t\t\t\t<p>Nous intervenons \u00e0 Lyon et sa r\u00e9gion<\/p>\t\t\t\t\t\t\t\t<\/div>\n\t\t\t\t<\/div>\n\t\t\t\t<\/div>\n\t\t\t\t<\/div>\n\t\t\t\t<\/div>\n\t\t","protected":false},"excerpt":{"rendered":"<p>Parlons de votre projet Une id\u00e9e, un projet, un besoin pr\u00e9cis ? Professionnel ou particulier, n&rsquo;h\u00e9sitez pas \u00e0 me contacter [&hellip;]<\/p>\n","protected":false},"author":1,"featured_media":554,"parent":0,"menu_order":0,"comment_status":"closed","ping_status":"closed","template":"elementor_header_footer","meta":{"site-sidebar-layout":"default","site-content-layout":"","ast-site-content-layout":"default","site-content-style":"default","site-sidebar-style":"default","ast-global-header-display":"","ast-banner-title-visibility":"","ast-main-header-display":"","ast-hfb-above-header-display":"","ast-hfb-below-header-display":"","ast-hfb-mobile-header-display":"","site-post-title":"","ast-breadcrumbs-content":"","ast-featured-img":"","footer-sml-layout":"","ast-disable-related-posts":"","theme-transparent-header-meta":"","adv-header-id-meta":"","stick-header-meta":"","header-above-stick-meta":"","header-main-stick-meta":"","header-below-stick-meta":"","astra-migrate-meta-layouts":"default","ast-page-background-enabled":"default","ast-page-background-meta":{"desktop":{"background-color":"var(--ast-global-color-5)","background-image":"","background-repeat":"repeat","background-position":"center center","background-size":"auto","background-attachment":"scroll","background-type":"","background-media":"","overlay-type":"","overlay-color":"","overlay-opacity":"","overlay-gradient":""},"tablet":{"background-color":"","background-image":"","background-repeat":"repeat","background-position":"center center","background-size":"auto","background-attachment":"scroll","background-type":"","background-media":"","overlay-type":"","overlay-color":"","overlay-opacity":"","overlay-gradient":""},"mobile":{"background-color":"","background-image":"","background-repeat":"repeat","background-position":"center center","background-size":"auto","background-attachment":"scroll","background-type":"","background-media":"","overlay-type":"","overlay-color":"","overlay-opacity":"","overlay-gradient":""}},"ast-content-background-meta":{"desktop":{"background-color":"var(--ast-global-color-4)","background-image":"","background-repeat":"repeat","background-position":"center center","background-size":"auto","background-attachment":"scroll","background-type":"","background-media":"","overlay-type":"","overlay-color":"","overlay-opacity":"","overlay-gradient":""},"tablet":{"background-color":"var(--ast-global-color-4)","background-image":"","background-repeat":"repeat","background-position":"center center","background-size":"auto","background-attachment":"scroll","background-type":"","background-media":"","overlay-type":"","overlay-color":"","overlay-opacity":"","overlay-gradient":""},"mobile":{"background-color":"var(--ast-global-color-4)","background-image":"","background-repeat":"repeat","background-position":"center center","background-size":"auto","background-attachment":"scroll","background-type":"","background-media":"","overlay-type":"","overlay-color":"","overlay-opacity":"","overlay-gradient":""}},"footnotes":""},"class_list":["post-547","page","type-page","status-publish","has-post-thumbnail","hentry"],"yoast_head":"<!-- This site is optimized with the Yoast SEO plugin v27.4 - https:\/\/yoast.com\/product\/yoast-seo-wordpress\/ -->\n<title>Contact | Atelier Paul de Bazelaire<\/title>\n<meta name=\"robots\" content=\"index, follow, max-snippet:-1, max-image-preview:large, max-video-preview:-1\" \/>\n<link rel=\"canonical\" href=\"https:\/\/www.atelier-pauldebazelaire.fr\/index.php\/contact\/\" \/>\n<meta property=\"og:locale\" content=\"fr_FR\" \/>\n<meta property=\"og:type\" content=\"article\" \/>\n<meta property=\"og:title\" content=\"Contact | Atelier Paul de Bazelaire\" \/>\n<meta property=\"og:description\" content=\"Parlons de votre projet Une id\u00e9e, un projet, un besoin pr\u00e9cis ? Professionnel ou particulier, n&rsquo;h\u00e9sitez pas \u00e0 me contacter [&hellip;]\" \/>\n<meta property=\"og:url\" content=\"https:\/\/www.atelier-pauldebazelaire.fr\/index.php\/contact\/\" \/>\n<meta property=\"og:site_name\" content=\"Atelier Paul de Bazelaire\" \/>\n<meta property=\"article:publisher\" content=\"https:\/\/www.facebook.com\/profile.php?id=61580714010729\" \/>\n<meta property=\"article:modified_time\" content=\"2026-04-21T13:32:28+00:00\" \/>\n<meta property=\"og:image\" content=\"https:\/\/www.atelier-pauldebazelaire.fr\/wp-content\/uploads\/2026\/03\/Contact-400_380.jpg\" \/>\n\t<meta property=\"og:image:width\" content=\"400\" \/>\n\t<meta property=\"og:image:height\" content=\"380\" \/>\n\t<meta property=\"og:image:type\" content=\"image\/jpeg\" \/>\n<meta name=\"twitter:card\" content=\"summary_large_image\" \/>\n<script type=\"application\/ld+json\" class=\"yoast-schema-graph\">{\"@context\":\"https:\\\/\\\/schema.org\",\"@graph\":[{\"@type\":\"WebPage\",\"@id\":\"https:\\\/\\\/www.atelier-pauldebazelaire.fr\\\/index.php\\\/contact\\\/\",\"url\":\"https:\\\/\\\/www.atelier-pauldebazelaire.fr\\\/index.php\\\/contact\\\/\",\"name\":\"Contact | Atelier Paul de Bazelaire\",\"isPartOf\":{\"@id\":\"https:\\\/\\\/www.atelier-pauldebazelaire.fr\\\/#website\"},\"primaryImageOfPage\":{\"@id\":\"https:\\\/\\\/www.atelier-pauldebazelaire.fr\\\/index.php\\\/contact\\\/#primaryimage\"},\"image\":{\"@id\":\"https:\\\/\\\/www.atelier-pauldebazelaire.fr\\\/index.php\\\/contact\\\/#primaryimage\"},\"thumbnailUrl\":\"https:\\\/\\\/www.atelier-pauldebazelaire.fr\\\/wp-content\\\/uploads\\\/2026\\\/03\\\/Contact-400_380.jpg\",\"datePublished\":\"2026-03-19T17:19:11+00:00\",\"dateModified\":\"2026-04-21T13:32:28+00:00\",\"breadcrumb\":{\"@id\":\"https:\\\/\\\/www.atelier-pauldebazelaire.fr\\\/index.php\\\/contact\\\/#breadcrumb\"},\"inLanguage\":\"fr-FR\",\"potentialAction\":[{\"@type\":\"ReadAction\",\"target\":[\"https:\\\/\\\/www.atelier-pauldebazelaire.fr\\\/index.php\\\/contact\\\/\"]}]},{\"@type\":\"ImageObject\",\"inLanguage\":\"fr-FR\",\"@id\":\"https:\\\/\\\/www.atelier-pauldebazelaire.fr\\\/index.php\\\/contact\\\/#primaryimage\",\"url\":\"https:\\\/\\\/www.atelier-pauldebazelaire.fr\\\/wp-content\\\/uploads\\\/2026\\\/03\\\/Contact-400_380.jpg\",\"contentUrl\":\"https:\\\/\\\/www.atelier-pauldebazelaire.fr\\\/wp-content\\\/uploads\\\/2026\\\/03\\\/Contact-400_380.jpg\",\"width\":400,\"height\":380},{\"@type\":\"BreadcrumbList\",\"@id\":\"https:\\\/\\\/www.atelier-pauldebazelaire.fr\\\/index.php\\\/contact\\\/#breadcrumb\",\"itemListElement\":[{\"@type\":\"ListItem\",\"position\":1,\"name\":\"Accueil\",\"item\":\"https:\\\/\\\/www.atelier-pauldebazelaire.fr\\\/\"},{\"@type\":\"ListItem\",\"position\":2,\"name\":\"Contact\"}]},{\"@type\":\"WebSite\",\"@id\":\"https:\\\/\\\/www.atelier-pauldebazelaire.fr\\\/#website\",\"url\":\"https:\\\/\\\/www.atelier-pauldebazelaire.fr\\\/\",\"name\":\"\u00c9b\u00e9niste Lyon | Cr\u00e9ation de Meubles Sur Mesure | Atelier Paul de Bazelaire\",\"description\":\"\",\"publisher\":{\"@id\":\"https:\\\/\\\/www.atelier-pauldebazelaire.fr\\\/#organization\"},\"potentialAction\":[{\"@type\":\"SearchAction\",\"target\":{\"@type\":\"EntryPoint\",\"urlTemplate\":\"https:\\\/\\\/www.atelier-pauldebazelaire.fr\\\/?s={search_term_string}\"},\"query-input\":{\"@type\":\"PropertyValueSpecification\",\"valueRequired\":true,\"valueName\":\"search_term_string\"}}],\"inLanguage\":\"fr-FR\"},{\"@type\":\"Organization\",\"@id\":\"https:\\\/\\\/www.atelier-pauldebazelaire.fr\\\/#organization\",\"name\":\"\u00c9b\u00e9niste Lyon | Cr\u00e9ation de Meubles Sur Mesure | Atelier Paul de Bazelaire\",\"url\":\"https:\\\/\\\/www.atelier-pauldebazelaire.fr\\\/\",\"logo\":{\"@type\":\"ImageObject\",\"inLanguage\":\"fr-FR\",\"@id\":\"https:\\\/\\\/www.atelier-pauldebazelaire.fr\\\/#\\\/schema\\\/logo\\\/image\\\/\",\"url\":\"https:\\\/\\\/www.atelier-pauldebazelaire.fr\\\/wp-content\\\/uploads\\\/2026\\\/04\\\/Logo-1-Atelier-Paul-de-Bazelaire-Lyon.png\",\"contentUrl\":\"https:\\\/\\\/www.atelier-pauldebazelaire.fr\\\/wp-content\\\/uploads\\\/2026\\\/04\\\/Logo-1-Atelier-Paul-de-Bazelaire-Lyon.png\",\"width\":556,\"height\":502,\"caption\":\"\u00c9b\u00e9niste Lyon | Cr\u00e9ation de Meubles Sur Mesure | Atelier Paul de Bazelaire\"},\"image\":{\"@id\":\"https:\\\/\\\/www.atelier-pauldebazelaire.fr\\\/#\\\/schema\\\/logo\\\/image\\\/\"},\"sameAs\":[\"https:\\\/\\\/www.facebook.com\\\/profile.php?id=61580714010729\",\"https:\\\/\\\/www.instagram.com\\\/atelier_pauldebazelaire\\\/\"]}]}<\/script>\n<!-- \/ Yoast SEO plugin. -->","yoast_head_json":{"title":"Contact | Atelier Paul de Bazelaire","robots":{"index":"index","follow":"follow","max-snippet":"max-snippet:-1","max-image-preview":"max-image-preview:large","max-video-preview":"max-video-preview:-1"},"canonical":"https:\/\/www.atelier-pauldebazelaire.fr\/index.php\/contact\/","og_locale":"fr_FR","og_type":"article","og_title":"Contact | Atelier Paul de Bazelaire","og_description":"Parlons de votre projet Une id\u00e9e, un projet, un besoin pr\u00e9cis ? Professionnel ou particulier, n&rsquo;h\u00e9sitez pas \u00e0 me contacter [&hellip;]","og_url":"https:\/\/www.atelier-pauldebazelaire.fr\/index.php\/contact\/","og_site_name":"Atelier Paul de Bazelaire","article_publisher":"https:\/\/www.facebook.com\/profile.php?id=61580714010729","article_modified_time":"2026-04-21T13:32:28+00:00","og_image":[{"width":400,"height":380,"url":"https:\/\/www.atelier-pauldebazelaire.fr\/wp-content\/uploads\/2026\/03\/Contact-400_380.jpg","type":"image\/jpeg"}],"twitter_card":"summary_large_image","schema":{"@context":"https:\/\/schema.org","@graph":[{"@type":"WebPage","@id":"https:\/\/www.atelier-pauldebazelaire.fr\/index.php\/contact\/","url":"https:\/\/www.atelier-pauldebazelaire.fr\/index.php\/contact\/","name":"Contact | Atelier Paul de Bazelaire","isPartOf":{"@id":"https:\/\/www.atelier-pauldebazelaire.fr\/#website"},"primaryImageOfPage":{"@id":"https:\/\/www.atelier-pauldebazelaire.fr\/index.php\/contact\/#primaryimage"},"image":{"@id":"https:\/\/www.atelier-pauldebazelaire.fr\/index.php\/contact\/#primaryimage"},"thumbnailUrl":"https:\/\/www.atelier-pauldebazelaire.fr\/wp-content\/uploads\/2026\/03\/Contact-400_380.jpg","datePublished":"2026-03-19T17:19:11+00:00","dateModified":"2026-04-21T13:32:28+00:00","breadcrumb":{"@id":"https:\/\/www.atelier-pauldebazelaire.fr\/index.php\/contact\/#breadcrumb"},"inLanguage":"fr-FR","potentialAction":[{"@type":"ReadAction","target":["https:\/\/www.atelier-pauldebazelaire.fr\/index.php\/contact\/"]}]},{"@type":"ImageObject","inLanguage":"fr-FR","@id":"https:\/\/www.atelier-pauldebazelaire.fr\/index.php\/contact\/#primaryimage","url":"https:\/\/www.atelier-pauldebazelaire.fr\/wp-content\/uploads\/2026\/03\/Contact-400_380.jpg","contentUrl":"https:\/\/www.atelier-pauldebazelaire.fr\/wp-content\/uploads\/2026\/03\/Contact-400_380.jpg","width":400,"height":380},{"@type":"BreadcrumbList","@id":"https:\/\/www.atelier-pauldebazelaire.fr\/index.php\/contact\/#breadcrumb","itemListElement":[{"@type":"ListItem","position":1,"name":"Accueil","item":"https:\/\/www.atelier-pauldebazelaire.fr\/"},{"@type":"ListItem","position":2,"name":"Contact"}]},{"@type":"WebSite","@id":"https:\/\/www.atelier-pauldebazelaire.fr\/#website","url":"https:\/\/www.atelier-pauldebazelaire.fr\/","name":"\u00c9b\u00e9niste Lyon | Cr\u00e9ation de Meubles Sur Mesure | Atelier Paul de Bazelaire","description":"","publisher":{"@id":"https:\/\/www.atelier-pauldebazelaire.fr\/#organization"},"potentialAction":[{"@type":"SearchAction","target":{"@type":"EntryPoint","urlTemplate":"https:\/\/www.atelier-pauldebazelaire.fr\/?s={search_term_string}"},"query-input":{"@type":"PropertyValueSpecification","valueRequired":true,"valueName":"search_term_string"}}],"inLanguage":"fr-FR"},{"@type":"Organization","@id":"https:\/\/www.atelier-pauldebazelaire.fr\/#organization","name":"\u00c9b\u00e9niste Lyon | Cr\u00e9ation de Meubles Sur Mesure | Atelier Paul de Bazelaire","url":"https:\/\/www.atelier-pauldebazelaire.fr\/","logo":{"@type":"ImageObject","inLanguage":"fr-FR","@id":"https:\/\/www.atelier-pauldebazelaire.fr\/#\/schema\/logo\/image\/","url":"https:\/\/www.atelier-pauldebazelaire.fr\/wp-content\/uploads\/2026\/04\/Logo-1-Atelier-Paul-de-Bazelaire-Lyon.png","contentUrl":"https:\/\/www.atelier-pauldebazelaire.fr\/wp-content\/uploads\/2026\/04\/Logo-1-Atelier-Paul-de-Bazelaire-Lyon.png","width":556,"height":502,"caption":"\u00c9b\u00e9niste Lyon | Cr\u00e9ation de Meubles Sur Mesure | Atelier Paul de Bazelaire"},"image":{"@id":"https:\/\/www.atelier-pauldebazelaire.fr\/#\/schema\/logo\/image\/"},"sameAs":["https:\/\/www.facebook.com\/profile.php?id=61580714010729","https:\/\/www.instagram.com\/atelier_pauldebazelaire\/"]}]}},"_links":{"self":[{"href":"https:\/\/www.atelier-pauldebazelaire.fr\/index.php\/wp-json\/wp\/v2\/pages\/547","targetHints":{"allow":["GET"]}}],"collection":[{"href":"https:\/\/www.atelier-pauldebazelaire.fr\/index.php\/wp-json\/wp\/v2\/pages"}],"about":[{"href":"https:\/\/www.atelier-pauldebazelaire.fr\/index.php\/wp-json\/wp\/v2\/types\/page"}],"author":[{"embeddable":true,"href":"https:\/\/www.atelier-pauldebazelaire.fr\/index.php\/wp-json\/wp\/v2\/users\/1"}],"replies":[{"embeddable":true,"href":"https:\/\/www.atelier-pauldebazelaire.fr\/index.php\/wp-json\/wp\/v2\/comments?post=547"}],"version-history":[{"count":46,"href":"https:\/\/www.atelier-pauldebazelaire.fr\/index.php\/wp-json\/wp\/v2\/pages\/547\/revisions"}],"predecessor-version":[{"id":1233,"href":"https:\/\/www.atelier-pauldebazelaire.fr\/index.php\/wp-json\/wp\/v2\/pages\/547\/revisions\/1233"}],"wp:featuredmedia":[{"embeddable":true,"href":"https:\/\/www.atelier-pauldebazelaire.fr\/index.php\/wp-json\/wp\/v2\/media\/554"}],"wp:attachment":[{"href":"https:\/\/www.atelier-pauldebazelaire.fr\/index.php\/wp-json\/wp\/v2\/media?parent=547"}],"curies":[{"name":"wp","href":"https:\/\/api.w.org\/{rel}","templated":true}]}}